{"id":27,"date":"2016-12-16T20:31:54","date_gmt":"2016-12-16T19:31:54","guid":{"rendered":"http:\/\/buttesainteanne-chorale.ovh\/?page_id=27"},"modified":"2026-03-09T17:47:25","modified_gmt":"2026-03-09T16:47:25","slug":"accueil","status":"publish","type":"page","link":"https:\/\/buttesainteanne-chorale.ovh\/","title":{"rendered":"Folles Soir\u00e9es"},"content":{"rendered":"<div class=\"wp-block-image\">\n<figure class=\"aligncenter size-large is-resized\"><img loading=\"lazy\" decoding=\"async\" width=\"724\" height=\"1024\" src=\"https:\/\/buttesainteanne-chorale.ovh\/wp-content\/uploads\/Affiche-Folles-soirees-2026-724x1024.jpg\" alt=\"\" class=\"wp-image-3041\" style=\"width:280px\" srcset=\"https:\/\/buttesainteanne-chorale.ovh\/wp-content\/uploads\/Affiche-Folles-soirees-2026-724x1024.jpg 724w, https:\/\/buttesainteanne-chorale.ovh\/wp-content\/uploads\/Affiche-Folles-soirees-2026-212x300.jpg 212w, https:\/\/buttesainteanne-chorale.ovh\/wp-content\/uploads\/Affiche-Folles-soirees-2026-768x1087.jpg 768w, https:\/\/buttesainteanne-chorale.ovh\/wp-content\/uploads\/Affiche-Folles-soirees-2026-1086x1536.jpg 1086w, https:\/\/buttesainteanne-chorale.ovh\/wp-content\/uploads\/Affiche-Folles-soirees-2026.jpg 1280w\" sizes=\"auto, (max-width: 724px) 100vw, 724px\" \/><\/figure>\n<\/div>\n\n\n<p>&nbsp;&nbsp;&nbsp;&nbsp; Comme chaque ann\u00e9e, la <strong>Chorale de la Butte <\/strong>se produira au cours de ses \u00ab&nbsp;<strong>Folles Soir\u00e9es<\/strong>&nbsp;\u00bb qui auront lieu les 28 mars \u00e0 20h et le 29 mars \u00e0 15h30.<\/p>\n\n\n\n<p>\u00a0\u00a0\u00a0\u00a0 En premi\u00e8re partie vous pourrez \u00e9couter \u00ab\u00a0<strong>L\u2019Op\u00e9ra de Quatr\u2019Sous<\/strong>\u00a0\u00bb de Kurt Weill et Bertold Brecht r\u00e9arrang\u00e9 par Fran\u00e7ois Barr\u00e9 pour la partition et Philippe Corbin pour le texte, en version \u00ab\u00a0r\u00e9tr\u00e9cie\u00a0\u00bb avec r\u00e9citant, solistes, ch\u0153ur et petit orchestre.<\/p>\n\n\n\n<p>&nbsp;&nbsp;&nbsp;&nbsp; La deuxi\u00e8me partie sera compos\u00e9e de chants plus traditionnels et \u00e9clectiques.<\/p>\n\n\n\n<p>&nbsp;&nbsp;&nbsp;&nbsp; Le tout se passera dans un ensemble festif, fa\u00e7on cabaret, avec accompagnement de douceurs et de boissons agr\u00e9ables pour celles et ceux qui le d\u00e9sire&nbsp;!<\/p>\n\n\n\n<figure class=\"wp-block-image size-full is-resized\"><img loading=\"lazy\" decoding=\"async\" width=\"663\" height=\"383\" src=\"http:\/\/buttesainteanne-chorale.ovh\/wp-content\/uploads\/Fol-anniversaire-fev-2024-11-2.jpg\" alt=\"\" class=\"wp-image-2686\" style=\"width:177px;height:auto\" srcset=\"https:\/\/buttesainteanne-chorale.ovh\/wp-content\/uploads\/Fol-anniversaire-fev-2024-11-2.jpg 663w, https:\/\/buttesainteanne-chorale.ovh\/wp-content\/uploads\/Fol-anniversaire-fev-2024-11-2-300x173.jpg 300w\" sizes=\"auto, (max-width: 663px) 100vw, 663px\" \/><\/figure>\n\n\n\n<h2 class=\"wp-block-heading\">La chorale a repris les lundis \u00e0 20h30 au DIX<\/h2>\n\n\n\n<h4 class=\"wp-block-heading\"><\/h4>\n\n\n<div><span style=\"color: #dedede;\"><span style=\"color: #99ccff;\">La Chorale de la Butte est une des activit\u00e9s propos\u00e9es par l\u2019Association de la Butte Sainte Anne<\/span> (<a style=\"color: #00ffff;\" href=\"http:\/\/buttesainteanne.org\/\">ABSA<\/a><\/span>).<\/div>\n<div>\n<p>La chorale est ouverte \u00e0 toutes celles et ceux qui aiment chanter, dans une ambiance conviviale, sans exigence de connaissance musicale pr\u00e9alable. Son r\u00e9pertoire est \u00e9clectique : musique profane et sacr\u00e9e, ancienne ou moderne, chants du monde\u2026 Elle participe aux \u00e9v\u00e9nements festifs du quartier (jardin extraordinaire, buttineries&#8230;) et se produit r\u00e9guli\u00e8rement en concerts (concert de No\u00ebl, Folles soir\u00e9es\u2026) avec ou sans autre ch\u0153ur. Pour assurer la r\u00e9ussite des concerts, l\u2019assiduit\u00e9 aux r\u00e9p\u00e9titions et la ponctualit\u00e9 sont des exigences qui contribuent au souci de progression et de qualit\u00e9 des prestations.<\/p>\n<p>Les r\u00e9p\u00e9titions ont lieu le<strong> lundi soir de 20h30 \u00e0 22h30<\/strong> (sauf pendant les vacances scolaires) au DIX, 10 place des Garennes, \u00e0 Nantes.<\/p>\n<p>La chorale est riche de plus de cinquante choristes dans les 4 pupitres.<br \/>Elle est dirig\u00e9e depuis septembre 2019 par <strong>Manon F\u00e9vrier.<\/strong><\/p>\n<p>La <strong>cotisation<\/strong> pour l&rsquo;ann\u00e9e 2025-2026 est de <strong>200\u20ac<\/strong> (150\u20ac en tarif r\u00e9duit) dont 13\u20ac pour l&rsquo;adh\u00e9sion \u00e0 l&rsquo;ABSA).\u00a0<\/p>\n<p>Les \u0153uvres \u00e9tudi\u00e9es ces derniers temps :<\/p>\n<ul>\n<li>Arv\u00f6 Part : Morning star<\/li>\n<li>Faur\u00e9 : le madrigal<\/li>\n<li>Anne Sylvestre : Si la pluie te mouille<\/li>\n<li>Faur\u00e9 : Cantique de Jean Racine<\/li>\n<li>Mozart : Adoramus Te<\/li>\n<li>Bach : Choral O Haupt voll Blut und Wunden<\/li>\n<li>Irlandais : An Irish blessing<\/li>\n<li>Nougaro : Armstrong<\/li>\n<li>Purcell : Hush, no more<\/li>\n<li>Bourvil : La Tendresse<\/li>\n<li>Irving Berlin: Puttin&rsquo; on the Ritz<\/li>\n<li>Piazzola : Libertango<\/li>\n<li>Saint-Sa\u00ebns : Calme des nuits<\/li>\n<li>John Bennet\u00a0: Weep O mine eyes<\/li>\n<li>L&rsquo;op\u00e9ra de quat&rsquo;sous de Kurt Weill arrang\u00e9 localement par Philippe Corbin et Fran\u00e7ois Barr\u00e9.<\/li>\n<\/ul>\n<\/div>\n\n<\/p>\n\n\n<h2 class=\"wp-block-heading\"><\/h2>\n\n\n\n<p>Retrouvez des <a href=\"http:\/\/buttesainteanne-chorale.ovh\/?page_id=72\">images de la chorale<\/a> <\/p>\n\n\n\n<figure class=\"wp-block-image\"><img decoding=\"async\" src=\"http:\/\/buttesainteanne-chorale.ovh\/wp-content\/uploads\/VersNous.jpg\" alt=\"versnous\" class=\"wp-image-500\"\/><\/figure>\n\n\n\n<p><\/p>\n","protected":false},"excerpt":{"rendered":"<p>&nbsp;&nbsp;&nbsp;&nbsp; Comme chaque ann\u00e9e, la Chorale de la Butte se produira au cours de ses \u00ab&nbsp;Folles Soir\u00e9es&nbsp;\u00bb qui auront lieu les 28 mars \u00e0 20h et le 29 mars \u00e0 <a class=\"more-link\" href=\"https:\/\/buttesainteanne-chorale.ovh\/\">Lire la suite \u2192<\/a><\/p>\n","protected":false},"author":1,"featured_media":0,"parent":0,"menu_order":0,"comment_status":"closed","ping_status":"closed","template":"","meta":{"footnotes":""},"class_list":["post-27","page","type-page","status-publish","hentry"],"_links":{"self":[{"href":"https:\/\/buttesainteanne-chorale.ovh\/index.php?rest_route=\/wp\/v2\/pages\/27","targetHints":{"allow":["GET"]}}],"collection":[{"href":"https:\/\/buttesainteanne-chorale.ovh\/index.php?rest_route=\/wp\/v2\/pages"}],"about":[{"href":"https:\/\/buttesainteanne-chorale.ovh\/index.php?rest_route=\/wp\/v2\/types\/page"}],"author":[{"embeddable":true,"href":"https:\/\/buttesainteanne-chorale.ovh\/index.php?rest_route=\/wp\/v2\/users\/1"}],"replies":[{"embeddable":true,"href":"https:\/\/buttesainteanne-chorale.ovh\/index.php?rest_route=%2Fwp%2Fv2%2Fcomments&post=27"}],"version-history":[{"count":121,"href":"https:\/\/buttesainteanne-chorale.ovh\/index.php?rest_route=\/wp\/v2\/pages\/27\/revisions"}],"predecessor-version":[{"id":3043,"href":"https:\/\/buttesainteanne-chorale.ovh\/index.php?rest_route=\/wp\/v2\/pages\/27\/revisions\/3043"}],"wp:attachment":[{"href":"https:\/\/buttesainteanne-chorale.ovh\/index.php?rest_route=%2Fwp%2Fv2%2Fmedia&parent=27"}],"curies":[{"name":"wp","href":"https:\/\/api.w.org\/{rel}","templated":true}]}}